{"id":715,"date":"2023-10-19T12:37:02","date_gmt":"2023-10-19T11:37:02","guid":{"rendered":"https:\/\/www.naturacommunities.ie\/fuinn-wild-atlantic-nature\/"},"modified":"2024-05-16T11:13:33","modified_gmt":"2024-05-16T10:13:33","slug":"fuinn-wild-atlantic-nature","status":"publish","type":"page","link":"https:\/\/www.naturacommunities.ie\/ga\/fuinn-wild-atlantic-nature\/","title":{"rendered":"F\u00fainn"},"content":{"rendered":"\n<h2 class=\"wp-block-heading\">Natura Communities<\/h2>\n\n<p>Is tionscnamh \u00e9 Natura Communities \u00f3 <a href=\"https:\/\/www.wildatlanticnature.ie\/\" target=\"_blank\" rel=\"noreferrer noopener\">Thionscadal Comhth\u00e1ite LIFE D\u00falra an Atlantaigh Fhi\u00e1in<\/a> (TC), ar tionscadal comhshaoil naoi mbliana \u00e9 (2021-2029) at\u00e1 \u00e1 sti\u00faradh ag <a href=\"https:\/\/www.npws.ie\/\" target=\"_blank\" rel=\"noreferrer noopener\">an tSeirbh\u00eds P\u00e1irceanna N\u00e1isi\u00fanta agus Fiadh\u00falra<\/a> na Roinne Tith\u00edochta, Rialtais \u00c1iti\u00fail agus Oidhreachta.<\/p>\n\n<p>T\u00e1 s\u00e9 mar aidhm ag Natura Communities pobail \u00e1iti\u00fala a nascadh le su\u00edomhanna Natura 2000 ina gceantar. Is \u00ed an fh\u00eds do thionscnamh Natura Communities n\u00e1 cumas a th\u00f3g\u00e1il i bpobail chun seachadadh caomhn\u00fa d\u00falra agus athch\u00f3iri\u00fa \u00e9iceach\u00f3rais faoi sti\u00fair \u00e1iti\u00fail a chumas\u00fa. Chun rath\u00falacht a chinnti\u00fa, t\u00e1 s\u00e9 riachtanach go mbeadh an t-eolas agus na scileanna ag pobail \u00e1iti\u00fala i ngach leibh\u00e9al de bhainist\u00edocht tionscadail chaomhnaithe, amhail riarach\u00e1n, fios gn\u00f3 teicni\u00fail, ceanglais rial\u00e1la agus facht\u00f3ir\u00ed gaolmhara.<\/p>\n\n<p>Tr\u00ed infheist\u00edocht a dh\u00e9anamh i bpobail go d\u00edreach, t\u00e1 an cumas ann tac\u00fa le caomhn\u00fa fadt\u00e9armach; tr\u00edna nd\u00e9antar taith\u00ed agus saineolas a fhorbairt agus a choinne\u00e1il ag lucht saothair inni\u00fail agus tiomanta, a ch\u00f3na\u00edonn agus a oibr\u00edonn ina gceantar \u00e1iti\u00fail. T\u00e1 dh\u00e1 bhunt\u00e1iste leathan ag baint le cumas a fhorbairt chun dul i mbun oibre den chine\u00e1l seo; sol\u00e1thr\u00f3idh s\u00e9 tairbh\u00ed s\u00f3isialta do dhaoine sna ceantair seo (m.sh. tr\u00ed dheiseanna fosta\u00edochta \u00e1iti\u00fala a chruth\u00fa) agus ag an am c\u00e9anna feabhs\u00f3idh s\u00e9 c\u00e1il\u00edocht \u00e9iceola\u00edoch na gn\u00e1th\u00f3ige. In am tr\u00e1tha, t\u00e1thar ag s\u00fail go mbeidh foireann tiomnaithe Natura Communities ag gach bratphortach sa l\u00edonra Natura 2000 in \u00c9irinn, a bheidh in ann br\u00fanna, bagairt\u00ed agus fadhbanna maidir le st\u00e1das caomhantais na gn\u00e1th\u00f3ige seo a aithint agus aghaidh a thabhairt orthu.<\/p>\n\n<h2 class=\"wp-block-heading\">Wild Atlantic Nature<\/h2>\n\n<p>Tionscadal comhshaoil naoi mbliana (2021-2029) at\u00e1 i dTionscadal Comhth\u00e1ite LIFE D\u00falra an Atlantaigh Fhi\u00e1in (IP) at\u00e1 \u00e1 sti\u00faradh ag an Roinn Tith\u00edochta, Rialtais \u00c1iti\u00fail agus Oidhreachta. T\u00e1 s\u00e9 mar aidhm aige feabhas a chur ar fheidhm\u00edocht na h\u00c9ireann maidir le gn\u00e1th\u00f3ga a chaomhn\u00fa, agus go h\u00e1irithe feabhas a chur ar an st\u00e1das caomhantais sa ghr\u00e9as\u00e1n de bhratphortach na Limist\u00e9ar faoi Chaomhn\u00fa Speisialta (SAC), gn\u00e1th\u00f3g tosa\u00edochta faoin Treoir um Ghn\u00e1th\u00f3ga. T\u00e1 an pr\u00edomhfh\u00f3cas ar 35 l\u00e1ithre\u00e1n N\u00e1d\u00fartha 2000 in iarthuaisceart na h\u00c9ireann. Oibr\u00edonn an tionscadal le feirmeoir\u00ed agus pobail \u00e1iti\u00fala chun c\u00e1il\u00edocht na bratphortach agus na ngn\u00e1th\u00f3g gaolmhar a chaomhn\u00fa agus a fheabhs\u00fa, agus na seirbh\u00eds\u00ed \u00e9iceach\u00f3rais a shol\u00e1thra\u00edonn siad lena n-\u00e1ir\u00edtear uisce glan, st\u00f3r\u00e1il carb\u00f3in agus bith\u00e9ags\u00falacht.<\/p>\n\n<p>Cuirfidh an tionscadal roinnt gn\u00edomhartha i bhfeidhm a bheidh d\u00edrithe ar rannph\u00e1irt\u00edocht an phobail n\u00edos leithne sa tionscadal a fheabhs\u00fa. \u00c1ir\u00edtear orthu sin gr\u00fapa\u00ed taca\u00edochta \u00e1iti\u00fala a bhun\u00fa ar fud na su\u00edomhanna tionscadail, cl\u00e1ir malartaithe eolais pobail a fhorbairt agus a chur i bhfeidhm, gn\u00edomha\u00edochta\u00ed for-rochtana pobail a riar, cl\u00e1r oideachais scoile a fhorbairt, tac\u00fa le pobail gn\u00edomha\u00edochta\u00ed turas\u00f3ireachta agus \u00e1ineasa a fhorbairt agus a bhainisti\u00fa agus bonneagar cu\u00ed a fhorbairt. Pr\u00edomhghn\u00edomha\u00edocht eile de chuid an tionscadail is ea feachtas n\u00e1isi\u00fanta chun feasacht agus tuiscint an phobail ar l\u00edonra Ireland 2000 N\u00e1d\u00fartha a fheabhs\u00fa. \u00c1ireofar ar ghn\u00edomha\u00edochta\u00ed eile suirbh\u00e9anna l\u00e1ithre\u00e1in, meas\u00fanuithe \u00e9iceola\u00edochta, oili\u00faint do ghn\u00edomhartha caomhnaithe nithi\u00fala, rial\u00fa speiceas ionrach, cosc d\u00f3ite\u00e1in, bainist\u00edocht uisce agus monat\u00f3ireacht agus meast\u00f3ireacht.<\/p>\n\n<p>Sa ch\u00e9ad d\u00e1 bhliain den tionscadal chonacthas sc\u00e9im ph\u00edol\u00f3tach dheonach um \u00cdoca\u00edocht Agra-chomhshaoil Bunaithe ar Thortha\u00ed (RBPS), a bh\u00ed nasctha le c\u00e1il\u00edocht na gn\u00e1th\u00f3ige, rud a chuireann an t-\u00fain\u00e9ir tal\u00fan, a scileanna, a saineolas agus a eolas ar a gcuid tal\u00fan l\u00e1rnach i bhforbairt an tionscadail.<\/p>\n\n<p>Chomh maith le bheith ag obair go h\u00e1iti\u00fail, tugann tionscadal an Atlantaigh Fhi\u00e1in LIFE IP taith\u00ed agus eolas na gcomhph\u00e1irtithe gaolmhara le ch\u00e9ile, lena n-\u00e1ir\u00edtear an <a href=\"https:\/\/www.gov.ie\/en\/organisation\/department-of-agriculture-food-and-the-marine\/\" target=\"_blank\" rel=\"noreferrer noopener\">Roinn Talmha\u00edochta, Bia agus Mara<\/a>, <a href=\"https:\/\/www.rte.ie\/\" target=\"_blank\" rel=\"noreferrer noopener\">RT\u00c9<\/a>, <a href=\"https:\/\/www.coillte.ie\/\" target=\"_blank\" rel=\"noreferrer noopener\">Coillte<\/a>, <a href=\"https:\/\/www.failteireland.ie\/\" target=\"_blank\" rel=\"noreferrer noopener\">F\u00e1ilte \u00c9ireann<\/a>, <a href=\"https:\/\/www.heritagecouncil.ie\/\" target=\"_blank\" rel=\"noreferrer noopener\">An Chomhairle Oidhreachta<\/a>, <a href=\"https:\/\/www.bordnamona.ie\/\" target=\"_blank\" rel=\"noreferrer noopener\">Bord na M\u00f3na<\/a>, <a href=\"https:\/\/www.teagasc.ie\/\" target=\"_blank\" rel=\"noreferrer noopener\">Teagasc<\/a>, <a href=\"https:\/\/www.nwra.ie\/\" target=\"_blank\" rel=\"noreferrer noopener\">Tion\u00f3l R\u00e9igi\u00fanach an Tuaiscirt agus an Iarthair<\/a>, agus <a href=\"https:\/\/www.usc.gal\/en\/institutos\/ibader\/index.html\" target=\"_blank\" rel=\"noreferrer noopener\">Universidade de Santiago de Compostela sa Sp\u00e1inn<\/a>.<\/p>\n","protected":false},"excerpt":{"rendered":"<p>Natura Communities Is tionscnamh \u00e9 Natura Communities \u00f3 Thionscadal Comhth\u00e1ite LIFE D\u00falra an Atlantaigh Fhi\u00e1in (TC), ar tionscadal comhshaoil naoi mbliana \u00e9 (2021-2029) at\u00e1 \u00e1 sti\u00faradh ag an tSeirbh\u00eds P\u00e1irceanna N\u00e1isi\u00fanta agus Fiadh\u00falra na Roinne Tith\u00edochta, Rialtais \u00c1iti\u00fail agus Oidhreachta. T\u00e1 s\u00e9 mar aidhm ag Natura Communities pobail \u00e1iti\u00fala a nascadh le su\u00edomhanna Natura 2000 [&hellip;]<\/p>\n","protected":false},"author":3,"featured_media":491,"parent":0,"menu_order":0,"comment_status":"closed","ping_status":"closed","template":"","meta":{"_acf_changed":false,"_eb_attr":"","site-sidebar-layout":"default","site-content-layout":"","ast-site-content-layout":"default","site-content-style":"default","site-sidebar-style":"default","ast-global-header-display":"","ast-banner-title-visibility":"","ast-main-header-display":"","ast-hfb-above-header-display":"","ast-hfb-below-header-display":"","ast-hfb-mobile-header-display":"","site-post-title":"","ast-breadcrumbs-content":"","ast-featured-img":"","footer-sml-layout":"","ast-disable-related-posts":"","theme-transparent-header-meta":"","adv-header-id-meta":"","stick-header-meta":"","header-above-stick-meta":"","header-main-stick-meta":"","header-below-stick-meta":"","astra-migrate-meta-layouts":"default","ast-page-background-enabled":"default","ast-page-background-meta":{"desktop":{"background-color":"var(--ast-global-color-4)","background-image":"","background-repeat":"repeat","background-position":"center center","background-size":"auto","background-attachment":"scroll","background-type":"","background-media":"","overlay-type":"","overlay-color":"","overlay-opacity":"","overlay-gradient":""},"tablet":{"background-color":"","background-image":"","background-repeat":"repeat","background-position":"center center","background-size":"auto","background-attachment":"scroll","background-type":"","background-media":"","overlay-type":"","overlay-color":"","overlay-opacity":"","overlay-gradient":""},"mobile":{"background-color":"","background-image":"","background-repeat":"repeat","background-position":"center center","background-size":"auto","background-attachment":"scroll","background-type":"","background-media":"","overlay-type":"","overlay-color":"","overlay-opacity":"","overlay-gradient":""}},"ast-content-background-meta":{"desktop":{"background-color":"var(--ast-global-color-5)","background-image":"","background-repeat":"repeat","background-position":"center center","background-size":"auto","background-attachment":"scroll","background-type":"","background-media":"","overlay-type":"","overlay-color":"","overlay-opacity":"","overlay-gradient":""},"tablet":{"background-color":"var(--ast-global-color-5)","background-image":"","background-repeat":"repeat","background-position":"center center","background-size":"auto","background-attachment":"scroll","background-type":"","background-media":"","overlay-type":"","overlay-color":"","overlay-opacity":"","overlay-gradient":""},"mobile":{"background-color":"var(--ast-global-color-5)","background-image":"","background-repeat":"repeat","background-position":"center center","background-size":"auto","background-attachment":"scroll","background-type":"","background-media":"","overlay-type":"","overlay-color":"","overlay-opacity":"","overlay-gradient":""}},"footnotes":""},"class_list":["post-715","page","type-page","status-publish","has-post-thumbnail","hentry"],"acf":[],"yoast_head":"<!-- This site is optimized with the Yoast SEO plugin v27.3 - https:\/\/yoast.com\/product\/yoast-seo-wordpress\/ -->\n<title>F\u00fainn - Natura Communities<\/title>\n<meta name=\"robots\" content=\"index, follow, max-snippet:-1, max-image-preview:large, max-video-preview:-1\" \/>\n<link rel=\"canonical\" href=\"https:\/\/www.naturacommunities.ie\/ga\/fuinn-wild-atlantic-nature\/\" \/>\n<meta property=\"og:locale\" content=\"ga_IE\" \/>\n<meta property=\"og:type\" content=\"article\" \/>\n<meta property=\"og:title\" content=\"F\u00fainn - Natura Communities\" \/>\n<meta property=\"og:description\" content=\"Natura Communities Is tionscnamh \u00e9 Natura Communities \u00f3 Thionscadal Comhth\u00e1ite LIFE D\u00falra an Atlantaigh Fhi\u00e1in (TC), ar tionscadal comhshaoil naoi mbliana \u00e9 (2021-2029) at\u00e1 \u00e1 sti\u00faradh ag an tSeirbh\u00eds P\u00e1irceanna N\u00e1isi\u00fanta agus Fiadh\u00falra na Roinne Tith\u00edochta, Rialtais \u00c1iti\u00fail agus Oidhreachta. T\u00e1 s\u00e9 mar aidhm ag Natura Communities pobail \u00e1iti\u00fala a nascadh le su\u00edomhanna Natura 2000 [&hellip;]\" \/>\n<meta property=\"og:url\" content=\"https:\/\/www.naturacommunities.ie\/ga\/fuinn-wild-atlantic-nature\/\" \/>\n<meta property=\"og:site_name\" content=\"Natura Communities\" \/>\n<meta property=\"article:publisher\" content=\"https:\/\/www.facebook.com\/WildAtlanticNature\/\" \/>\n<meta property=\"article:modified_time\" content=\"2024-05-16T10:13:33+00:00\" \/>\n<meta property=\"og:image\" content=\"https:\/\/www.naturacommunities.ie\/wp-content\/uploads\/2023\/10\/3.png\" \/>\n\t<meta property=\"og:image:width\" content=\"1048\" \/>\n\t<meta property=\"og:image:height\" content=\"250\" \/>\n\t<meta property=\"og:image:type\" content=\"image\/png\" \/>\n<meta name=\"twitter:card\" content=\"summary_large_image\" \/>\n<meta name=\"twitter:site\" content=\"@WAN_LIFEIP\" \/>\n<meta name=\"twitter:label1\" content=\"Est. reading time\" \/>\n\t<meta name=\"twitter:data1\" content=\"4 minutes\" \/>\n<script type=\"application\/ld+json\" class=\"yoast-schema-graph\">{\"@context\":\"https:\\\/\\\/schema.org\",\"@graph\":[{\"@type\":\"WebPage\",\"@id\":\"https:\\\/\\\/www.naturacommunities.ie\\\/ga\\\/fuinn-wild-atlantic-nature\\\/\",\"url\":\"https:\\\/\\\/www.naturacommunities.ie\\\/ga\\\/fuinn-wild-atlantic-nature\\\/\",\"name\":\"F\u00fainn - Natura Communities\",\"isPartOf\":{\"@id\":\"https:\\\/\\\/www.naturacommunities.ie\\\/ga\\\/#website\"},\"primaryImageOfPage\":{\"@id\":\"https:\\\/\\\/www.naturacommunities.ie\\\/ga\\\/fuinn-wild-atlantic-nature\\\/#primaryimage\"},\"image\":{\"@id\":\"https:\\\/\\\/www.naturacommunities.ie\\\/ga\\\/fuinn-wild-atlantic-nature\\\/#primaryimage\"},\"thumbnailUrl\":\"https:\\\/\\\/www.naturacommunities.ie\\\/wp-content\\\/uploads\\\/2023\\\/10\\\/3.png\",\"datePublished\":\"2023-10-19T11:37:02+00:00\",\"dateModified\":\"2024-05-16T10:13:33+00:00\",\"inLanguage\":\"ga-IE\",\"potentialAction\":[{\"@type\":\"ReadAction\",\"target\":[\"https:\\\/\\\/www.naturacommunities.ie\\\/ga\\\/fuinn-wild-atlantic-nature\\\/\"]}]},{\"@type\":\"ImageObject\",\"inLanguage\":\"ga-IE\",\"@id\":\"https:\\\/\\\/www.naturacommunities.ie\\\/ga\\\/fuinn-wild-atlantic-nature\\\/#primaryimage\",\"url\":\"https:\\\/\\\/www.naturacommunities.ie\\\/wp-content\\\/uploads\\\/2023\\\/10\\\/3.png\",\"contentUrl\":\"https:\\\/\\\/www.naturacommunities.ie\\\/wp-content\\\/uploads\\\/2023\\\/10\\\/3.png\",\"width\":1048,\"height\":250},{\"@type\":\"WebSite\",\"@id\":\"https:\\\/\\\/www.naturacommunities.ie\\\/ga\\\/#website\",\"url\":\"https:\\\/\\\/www.naturacommunities.ie\\\/ga\\\/\",\"name\":\"Natura Communities\",\"description\":\"\",\"publisher\":{\"@id\":\"https:\\\/\\\/www.naturacommunities.ie\\\/ga\\\/#organization\"},\"potentialAction\":[{\"@type\":\"SearchAction\",\"target\":{\"@type\":\"EntryPoint\",\"urlTemplate\":\"https:\\\/\\\/www.naturacommunities.ie\\\/ga\\\/?s={search_term_string}\"},\"query-input\":{\"@type\":\"PropertyValueSpecification\",\"valueRequired\":true,\"valueName\":\"search_term_string\"}}],\"inLanguage\":\"ga-IE\"},{\"@type\":\"Organization\",\"@id\":\"https:\\\/\\\/www.naturacommunities.ie\\\/ga\\\/#organization\",\"name\":\"Natura Communities\",\"url\":\"https:\\\/\\\/www.naturacommunities.ie\\\/ga\\\/\",\"logo\":{\"@type\":\"ImageObject\",\"inLanguage\":\"ga-IE\",\"@id\":\"https:\\\/\\\/www.naturacommunities.ie\\\/ga\\\/#\\\/schema\\\/logo\\\/image\\\/\",\"url\":\"https:\\\/\\\/www.naturacommunities.ie\\\/wp-content\\\/uploads\\\/2023\\\/10\\\/cropped-natura-communities-large.png\",\"contentUrl\":\"https:\\\/\\\/www.naturacommunities.ie\\\/wp-content\\\/uploads\\\/2023\\\/10\\\/cropped-natura-communities-large.png\",\"width\":994,\"height\":332,\"caption\":\"Natura Communities\"},\"image\":{\"@id\":\"https:\\\/\\\/www.naturacommunities.ie\\\/ga\\\/#\\\/schema\\\/logo\\\/image\\\/\"},\"sameAs\":[\"https:\\\/\\\/www.facebook.com\\\/WildAtlanticNature\\\/\",\"https:\\\/\\\/x.com\\\/WAN_LIFEIP\"]}]}<\/script>\n<!-- \/ Yoast SEO plugin. -->","yoast_head_json":{"title":"F\u00fainn - Natura Communities","robots":{"index":"index","follow":"follow","max-snippet":"max-snippet:-1","max-image-preview":"max-image-preview:large","max-video-preview":"max-video-preview:-1"},"canonical":"https:\/\/www.naturacommunities.ie\/ga\/fuinn-wild-atlantic-nature\/","og_locale":"ga_IE","og_type":"article","og_title":"F\u00fainn - Natura Communities","og_description":"Natura Communities Is tionscnamh \u00e9 Natura Communities \u00f3 Thionscadal Comhth\u00e1ite LIFE D\u00falra an Atlantaigh Fhi\u00e1in (TC), ar tionscadal comhshaoil naoi mbliana \u00e9 (2021-2029) at\u00e1 \u00e1 sti\u00faradh ag an tSeirbh\u00eds P\u00e1irceanna N\u00e1isi\u00fanta agus Fiadh\u00falra na Roinne Tith\u00edochta, Rialtais \u00c1iti\u00fail agus Oidhreachta. T\u00e1 s\u00e9 mar aidhm ag Natura Communities pobail \u00e1iti\u00fala a nascadh le su\u00edomhanna Natura 2000 [&hellip;]","og_url":"https:\/\/www.naturacommunities.ie\/ga\/fuinn-wild-atlantic-nature\/","og_site_name":"Natura Communities","article_publisher":"https:\/\/www.facebook.com\/WildAtlanticNature\/","article_modified_time":"2024-05-16T10:13:33+00:00","og_image":[{"width":1048,"height":250,"url":"https:\/\/www.naturacommunities.ie\/wp-content\/uploads\/2023\/10\/3.png","type":"image\/png"}],"twitter_card":"summary_large_image","twitter_site":"@WAN_LIFEIP","twitter_misc":{"Est. reading time":"4 minutes"},"schema":{"@context":"https:\/\/schema.org","@graph":[{"@type":"WebPage","@id":"https:\/\/www.naturacommunities.ie\/ga\/fuinn-wild-atlantic-nature\/","url":"https:\/\/www.naturacommunities.ie\/ga\/fuinn-wild-atlantic-nature\/","name":"F\u00fainn - Natura Communities","isPartOf":{"@id":"https:\/\/www.naturacommunities.ie\/ga\/#website"},"primaryImageOfPage":{"@id":"https:\/\/www.naturacommunities.ie\/ga\/fuinn-wild-atlantic-nature\/#primaryimage"},"image":{"@id":"https:\/\/www.naturacommunities.ie\/ga\/fuinn-wild-atlantic-nature\/#primaryimage"},"thumbnailUrl":"https:\/\/www.naturacommunities.ie\/wp-content\/uploads\/2023\/10\/3.png","datePublished":"2023-10-19T11:37:02+00:00","dateModified":"2024-05-16T10:13:33+00:00","inLanguage":"ga-IE","potentialAction":[{"@type":"ReadAction","target":["https:\/\/www.naturacommunities.ie\/ga\/fuinn-wild-atlantic-nature\/"]}]},{"@type":"ImageObject","inLanguage":"ga-IE","@id":"https:\/\/www.naturacommunities.ie\/ga\/fuinn-wild-atlantic-nature\/#primaryimage","url":"https:\/\/www.naturacommunities.ie\/wp-content\/uploads\/2023\/10\/3.png","contentUrl":"https:\/\/www.naturacommunities.ie\/wp-content\/uploads\/2023\/10\/3.png","width":1048,"height":250},{"@type":"WebSite","@id":"https:\/\/www.naturacommunities.ie\/ga\/#website","url":"https:\/\/www.naturacommunities.ie\/ga\/","name":"Natura Communities","description":"","publisher":{"@id":"https:\/\/www.naturacommunities.ie\/ga\/#organization"},"potentialAction":[{"@type":"SearchAction","target":{"@type":"EntryPoint","urlTemplate":"https:\/\/www.naturacommunities.ie\/ga\/?s={search_term_string}"},"query-input":{"@type":"PropertyValueSpecification","valueRequired":true,"valueName":"search_term_string"}}],"inLanguage":"ga-IE"},{"@type":"Organization","@id":"https:\/\/www.naturacommunities.ie\/ga\/#organization","name":"Natura Communities","url":"https:\/\/www.naturacommunities.ie\/ga\/","logo":{"@type":"ImageObject","inLanguage":"ga-IE","@id":"https:\/\/www.naturacommunities.ie\/ga\/#\/schema\/logo\/image\/","url":"https:\/\/www.naturacommunities.ie\/wp-content\/uploads\/2023\/10\/cropped-natura-communities-large.png","contentUrl":"https:\/\/www.naturacommunities.ie\/wp-content\/uploads\/2023\/10\/cropped-natura-communities-large.png","width":994,"height":332,"caption":"Natura Communities"},"image":{"@id":"https:\/\/www.naturacommunities.ie\/ga\/#\/schema\/logo\/image\/"},"sameAs":["https:\/\/www.facebook.com\/WildAtlanticNature\/","https:\/\/x.com\/WAN_LIFEIP"]}]}},"_links":{"self":[{"href":"https:\/\/www.naturacommunities.ie\/ga\/wp-json\/wp\/v2\/pages\/715","targetHints":{"allow":["GET"]}}],"collection":[{"href":"https:\/\/www.naturacommunities.ie\/ga\/wp-json\/wp\/v2\/pages"}],"about":[{"href":"https:\/\/www.naturacommunities.ie\/ga\/wp-json\/wp\/v2\/types\/page"}],"author":[{"embeddable":true,"href":"https:\/\/www.naturacommunities.ie\/ga\/wp-json\/wp\/v2\/users\/3"}],"replies":[{"embeddable":true,"href":"https:\/\/www.naturacommunities.ie\/ga\/wp-json\/wp\/v2\/comments?post=715"}],"version-history":[{"count":8,"href":"https:\/\/www.naturacommunities.ie\/ga\/wp-json\/wp\/v2\/pages\/715\/revisions"}],"predecessor-version":[{"id":975,"href":"https:\/\/www.naturacommunities.ie\/ga\/wp-json\/wp\/v2\/pages\/715\/revisions\/975"}],"wp:featuredmedia":[{"embeddable":true,"href":"https:\/\/www.naturacommunities.ie\/ga\/wp-json\/wp\/v2\/media\/491"}],"wp:attachment":[{"href":"https:\/\/www.naturacommunities.ie\/ga\/wp-json\/wp\/v2\/media?parent=715"}],"curies":[{"name":"wp","href":"https:\/\/api.w.org\/{rel}","templated":true}]}}