{"id":293,"date":"2023-10-03T13:03:19","date_gmt":"2023-10-03T12:03:19","guid":{"rendered":"https:\/\/www.naturacommunities.ie\/nadurtha-2000\/"},"modified":"2025-01-09T14:41:21","modified_gmt":"2025-01-09T14:41:21","slug":"nadurtha-2000","status":"publish","type":"page","link":"https:\/\/www.naturacommunities.ie\/ga\/nadurtha-2000\/","title":{"rendered":"N\u00e1d\u00fartha 2000"},"content":{"rendered":"\n<h2 class=\"wp-block-heading\">Cad \u00e9 L\u00edonra N\u00e1d\u00fartha 2000?<\/h2>\n\n<div class=\"wp-block-columns is-layout-flex wp-container-core-columns-is-layout-eb577f3a wp-block-columns-is-layout-flex\" style=\"padding-top:0;padding-right:0;padding-bottom:2em;padding-left:0\">\n<div class=\"wp-block-column is-layout-flow wp-block-column-is-layout-flow\" style=\"flex-basis:15%\">\n<figure class=\"wp-block-image aligncenter size-full\"><img loading=\"lazy\" decoding=\"async\" width=\"250\" height=\"181\" src=\"https:\/\/www.naturacommunities.ie\/wp-content\/uploads\/2023\/10\/life_1_1s.jpg\" alt=\"AE LIFE\" class=\"wp-image-95\"\/><\/figure>\n\n\n\n<figure class=\"wp-block-image aligncenter size-full\"><img loading=\"lazy\" decoding=\"async\" width=\"292\" height=\"201\" src=\"https:\/\/www.naturacommunities.ie\/wp-content\/uploads\/2023\/10\/natura2000-logo-JPG.jpg\" alt=\"N&#xE1;d&#xFA;rtha 2000\" class=\"wp-image-97\"\/><\/figure>\n<\/div>\n\n\n\n<div class=\"wp-block-column is-vertically-aligned-center is-layout-flow wp-block-column-is-layout-flow\" style=\"flex-basis:85%\">\n<p>S\u00edneadh ar fud 27 t\u00edr an AE, is \u00e9 N\u00e1d\u00fartha 2000 an l\u00edonra is m\u00f3 de l\u00e1ithre\u00e1in chosanta ar fud an domhain, ag cl\u00fadach n\u00edos m\u00f3 n\u00e1 18% d&#8217;achar tal\u00fan laistigh den AE agus n\u00edos m\u00f3 n\u00e1 8% de chr\u00edoch na mara. L\u00e9ir\u00edonn na limist\u00e9ir chosanta seo na gn\u00e1th\u00f3ga is luachmhaire san Eoraip, arna gcosaint ina gceart f\u00e9in, chomh maith le su\u00edomhanna at\u00e1 t\u00e1bhachtach do speicis faoi bhagairt. Is \u00e9 cusp\u00f3ir an l\u00edonra a chinnti\u00fa go mairfidh an 230 gn\u00e1th\u00f3g neamhchoitianta agus faoi bhagairt agus 2,000 speiceas san Eoraip mar at\u00e1 leagtha amach i dTreoir an AE maidir le Gn\u00e1th\u00f3ga agus \u00c9in. Tagra\u00edtear le ch\u00e9ile do Limist\u00e9ir Chaomhantais Speisialta (SAC) agus Limist\u00e9ir faoi Chosaint Speisialta (SPA) mar L\u00edonra N\u00e1d\u00fartha 2000.<\/p>\n\n\n\n<p>T\u00e1 gr\u00e9as\u00e1n N\u00e1d\u00fartha 2000 difri\u00fail le cheantiar chaomhantais d\u00falra eile ar n\u00f3s anaclanna d\u00falra; n\u00ed eisiatar gn\u00edomha\u00edochta\u00ed daonna agus fanann formh\u00f3r na tal\u00fan faoi \u00fain\u00e9ireacht phr\u00edobh\u00e1ideach. Glactar le h\u00fas\u00e1id inbhuanaithe tailte chun l\u00e1ithre\u00e1in a bhainisti\u00fa, ina n-oibr\u00edonn daoine leis an d\u00falra seachas ina choinne, le tairbh\u00ed don \u00e9iceola\u00edocht agus don gheilleagar araon.<\/p>\n<\/div>\n<\/div>\n\n<h2 class=\"wp-block-heading\">Cad is Ceantar Speisialta Caomhnaithe (SAC) ann?<\/h2>\n\n<p>Is l\u00e1ithre\u00e1in iad Limist\u00e9ir Chaomhantais Speisialta (SACanna) arna n-ainmni\u00fa ag Ballst\u00e1it faoi Threoir an AE maidir le Gn\u00e1th\u00f3ga. Liosta\u00edonn an Treoir seo gn\u00e1th\u00f3ga agus speicis at\u00e1 le cosaint mar gheall ar a dt\u00e1bhacht laistigh den AE agus in \u00c9irinn. I measc na ngn\u00e1th\u00f3g at\u00e1 liostaithe t\u00e1 portaigh ardaithe, bratphortaigh, tailte fraoigh, dumhcha, machair\u00ed, aibhneacha, locha, inbhir, b\u00e1nna agus coillearnacha. T\u00e1 25 speiceas liostaithe, lena n-\u00e1ir\u00edtear an Fritile\u00e1n R\u00e9isc (f\u00e9ileac\u00e1n), Cr\u00fa-Ialt\u00f3g Beag, Dobharch\u00fa, R\u00f3nta (Cuan agus Liath), Deilf Bolgshr\u00f3nach, Dr\u00facht\u00edn Ciarra\u00ed, Di\u00failic\u00edn P\u00e9arla Fionnuisce, Rinse Risc (planda), Naiad Caol (planda uisceach), Brad\u00e1n Atlantach agus Raithneach Chill \u00c1irne. In \u00c9irinn t\u00e1 os cionn 400 SAC a chl\u00fada\u00edonn achar de thart ar 13,500 km<sup>2<\/sup>, comhdh\u00e9anta de 53% tal\u00fan agus an chuid eile comhdh\u00e9anta de ghn\u00e1th\u00f3ga uisceacha (limist\u00e9ir mhuir\u00ed n\u00f3 lochanna m\u00f3ra). Ar fud an AE t\u00e1 12,600 l\u00e1ithre\u00e1n a chl\u00fada\u00edonn thart ar 420,000 km<sup>2<\/sup><\/p>\n\n<h2 class=\"wp-block-heading\">Cad is Cheantair faoi Chosaint Speisialta (SPA) ann?<\/h2>\n\n<p>T\u00e1 Cheantair faoi Chosaint Speisialta (SPA) ina gcuid den L\u00edonra N\u00e1d\u00fartha 2000 freisin. T\u00e1 SPA ainmnithe chun speicis neamhchoitianta agus leochaileacha a liosta\u00edtear i dTreoir an AE maidir le h\u00c9in a chosaint agus le haghaidh speiceas imirceach a tharla\u00edonn go rialta. T\u00e1 bogaigh a bhfuil t\u00e1bhacht idirn\u00e1isi\u00fanta leo sainithe mar SPA freisin. Cl\u00fada\u00edonn l\u00edonra na h\u00c9ireann de 165 SPA 5,970 km<sup>2<\/sup> de ghn\u00e1th\u00f3ga tal\u00fan agus mara. T\u00e1 SPA comhdh\u00e9anta de thailte at\u00e1 faoi \u00fain\u00e9ireacht phr\u00edobh\u00e1ideach agus phoibl\u00ed, agus t\u00e1 tailte talmha\u00edochta mar chuid den ghr\u00e9as\u00e1n. Cuims\u00edonn SPA limist\u00e9ir ardtal\u00fan ina bhfuil gn\u00e9ithe t\u00edrdhreacha ar n\u00f3s f\u00e1lta sceach, f\u00e9arach agus scrobarnach ag cruth\u00fa deiseanna cothaithe agus p\u00f3r\u00fach\u00e1in do speicis ar n\u00f3s Crom\u00e1n na gCearc agus bogaigh mh\u00ednt\u00edrithe a nd\u00e9antar dianfheirmeoireacht orthu taobh len\u00e1r gc\u00f3sta\u00ed (tailte pollaire cosanta ag cla\u00edfoirt\/cla\u00ed), a chotha\u00edonn l\u00edon suntasach g\u00e9anna agus eala\u00ed geimhrithe.<\/p>\n\n<p>T\u00e1 tailte t\u00e1bhachtacha p\u00f3r\u00fach\u00e1in agus cothaithe ag \u00c9irinn d\u2019imircigh an gheimhridh agus an tsamhraidh, chomh maith len\u00e1r gc\u00f3naitheoir\u00ed ar feadh na bliana. I measc na su\u00edomhanna tal\u00fan t\u00e1 limist\u00e9ir bhogaigh int\u00edre at\u00e1 t\u00e1bhachtach d\u2019\u00e9in uisce geimhrithe, chomh maith le gn\u00e1th\u00f3ga sealgaireachta agus p\u00f3r\u00fach\u00e1in ar bhratphortach agus ar thalamh ard. T\u00e1 r\u00f3l t\u00e1bhachtach ag \u00c9irinn do bhreis is 50 speiceas \u00e9an uisce imirceach a th\u00e9ann tr\u00edd n\u00f3 a gheimhr\u00edtear anseo. Caitheann l\u00edon suntasach roinnt daonra\u00ed \u00e9an, mar an Eala Ghl\u00f3rach agus an Gh\u00e9 Bh\u00e1n\u00e9adanach Ghraonlannach, geimhr\u00ed ag baint \u00fas\u00e1ide as \u00e9iceach\u00f3rais th\u00e1bhachtacha bogaigh na h\u00c9ireann. Caitheann 24 speiceas \u00e9an mara samhra\u00ed in \u00c9irinn, agus t\u00e1 t\u00e1bhacht ar leith ag baint le h\u00c9irinn \u00f3 thaobh daonra\u00ed p\u00f3r\u00fach\u00e1in d\u2019Ascaill Mhanann agus P\u00e9itir Stoirm. Cuireann \u00e1r n-ardtailte agus \u00e1r bratphortaigh acmhainn\u00ed ar f\u00e1il chun Mheirlinne agus Fead\u00f3g Bhu\u00ed a ph\u00f3r\u00fa i m\u00edonna an tsamhraidh. Is \u00e1iteanna cothaithe agus p\u00f3r\u00fach\u00e1in t\u00e1bhachtacha iad gn\u00e1th\u00f3ga c\u00f3sta, cos\u00fail leis an mhachaire, don Chough, an Bhioc\u00e1in agus an Pilib\u00edn.<\/p>\n\n<h2 class=\"wp-block-heading\">Cad is bratphortach ann?<\/h2>\n\n<div class=\"wp-block-columns is-layout-flex wp-container-core-columns-is-layout-f0f2181e wp-block-columns-is-layout-flex\" style=\"padding-top:0;padding-right:0;padding-bottom:var(--wp--preset--spacing--30);padding-left:0\">\n<div class=\"wp-block-column is-layout-flow wp-block-column-is-layout-flow\" style=\"flex-basis:66.66%\">\n<p><a href=\"#types-of-peatlands\">Cine\u00e1lacha tailte m\u00f3na<\/a>* is ea bratphortaigh a fhaightear in aer\u00e1id fhionnuar fhliuch aig\u00e9an. Teasta\u00edonn \u00edosmh\u00e9id b\u00e1ist\u00ed bliant\u00fail de 1250mm thar 225 l\u00e1 den bhliain ar a laghad. T\u00e1 maoschl\u00e1r ard agus cobhsa\u00ed riachtanach freisin, mar sin faightear na portaigh seo de ghn\u00e1th ar thailte r\u00e9idhe n\u00f3 f\u00e1na r\u00e9idh at\u00e1 draen\u00e1ilte go dona agus a d\u2019fh\u00e1g go bhfuil m\u00f3in ag baili\u00fa. Sainmh\u00edn\u00edtear bratphortaigh mar charnadh m\u00f3na de 50cm ar a laghad agus doimhneacht mh\u00f3na 3m ar an me\u00e1n, c\u00e9 gur f\u00e9idir m\u00f3in n\u00edos doimhne a dh\u00e9anamh freisin. Thosaigh foirmi\u00fa bratphortach chomh luath le 7,000 bliain \u00f3 shin in \u00c9irinn, ach creidtear gur thosaigh an chuid is m\u00f3 d\u00e1r dtailte m\u00f3na ar dt\u00fas timpeall 4,000 bliain \u00f3 shin nuair a th\u00e1inig m\u00e9ad\u00fa ar bh\u00e1isteach mar gheall ar athr\u00fa aer\u00e1ide. Le r\u00e1ta f\u00e1is ar an me\u00e1n de 0.1cm in aghaidh na bliana, is pr\u00f3iseas mall \u00e9 carnadh m\u00f3na a fh\u00e1gann go bhfuil portaigh i mbaol tionchair dhaonna ar n\u00f3s baint m\u00f3na, d\u00f3 agus draen\u00e1il.<\/p>\n\n\n\n<p>C\u00e9 gur f\u00e9idir go bhfeicfimid bratphortaigh chomh coitianta in \u00c9irinn, is annamh a bh\u00edonn siad ar fud an domhain. T\u00e1 8% de bhratphortach an domhain ag \u00c9irinn agus is \u00ed an t\u00edr is t\u00e1bhachta\u00ed san AE don chine\u00e1l seo gn\u00e1th\u00f3ige.<\/p>\n\n\n\n<p class=\"speech top\" id=\"types-of-peatlands\"><sup>* Is \u00e9iceach\u00f3rais bhogaigh tal\u00fan iad tailte m\u00f3na nuair a chuireann coinn\u00edollacha b\u00e1ite agus anaer\u00f3bach (easpa ocsaigine) cosc ar \u00e1bhar planda \u00f3 dhianscaoileadh go hioml\u00e1n agus nuair a sh\u00e1ra\u00edonn t\u00e1irgeadh \u00e1bhar org\u00e1nach a dhianscaoileadh, rud a fh\u00e1gann carnadh glan m\u00f3na. Mar sin is carnadh \u00e1bhar planda\u00ed leath-lobhartha \u00e9 m\u00f3in. In aer\u00e1id\u00ed fionnuara ar n\u00f3s na h\u00c9ireann, is gn\u00e1ch go mb\u00edonn f\u00e1sra tailte m\u00f3na comhdh\u00e9anta de chaonaigh Sphagnum, c\u00edbeanna agus toir, arb iad na pr\u00edomhth\u00f3g\u00e1laithe m\u00f3na.<\/sup><\/p>\n<\/div>\n\n\n\n<div class=\"wp-block-column is-layout-flow wp-block-column-is-layout-flow\" style=\"flex-basis:33.33%\">\n<figure class=\"wp-block-image aligncenter size-large\"><a href=\"https:\/\/www.naturacommunities.ie\/wp-content\/uploads\/2023\/10\/wan-project-areas-724x1024.png\"><img loading=\"lazy\" decoding=\"async\" width=\"724\" height=\"1024\" src=\"https:\/\/www.naturacommunities.ie\/wp-content\/uploads\/2023\/10\/wan-project-areas-724x1024.png\" alt=\"\" class=\"wp-image-432\" srcset=\"https:\/\/www.naturacommunities.ie\/wp-content\/uploads\/2023\/10\/wan-project-areas-724x1024.png 724w, https:\/\/www.naturacommunities.ie\/wp-content\/uploads\/2023\/10\/wan-project-areas-212x300.png 212w, https:\/\/www.naturacommunities.ie\/wp-content\/uploads\/2023\/10\/wan-project-areas-768x1087.png 768w, https:\/\/www.naturacommunities.ie\/wp-content\/uploads\/2023\/10\/wan-project-areas.png 992w\" sizes=\"auto, (max-width: 724px) 100vw, 724px\" \/><\/a><\/figure>\n<\/div>\n<\/div>\n\n<h2 class=\"wp-block-heading\">Cad is gn\u00e1th\u00f3g ann?<\/h2>\n\n<p>Is \u00e9ard is gn\u00e1th\u00f3g ann n\u00e1 \u00e1it a dtarla\u00edonn n\u00f3 a bhf\u00e1sann org\u00e1nach (ainmh\u00ed n\u00f3 planda) go n\u00e1d\u00fartha. Sol\u00e1thra\u00edonn gn\u00e1th\u00f3g na hacmhainn\u00ed go l\u00e9ir a theasta\u00edonn \u00f3 org\u00e1nach le maireacht\u00e1il m.sh. bia agus foscadh.<\/p>\n\n<h2 class=\"wp-block-heading\">Cad is bith\u00e9ags\u00falacht ann?<\/h2>\n\n<p>T\u00e1 an t\u00e9arma bith\u00e9ags\u00falacht d\u00edorthaithe \u00f3n bhfr\u00e1sa \u2018\u00e9ags\u00falacht bhitheola\u00edoch\u2019, a thagra\u00edonn d\u2019\u00e9ags\u00falacht gach n\u00ed beo ar an Domhan ag leibh\u00e9il \u00e9ags\u00fala \u00f3 \u00e9iceach\u00f3rais agus gn\u00e1th\u00f3ga go speicis aonair agus a gcomhdh\u00e9anamh g\u00e9initeach. Cuims\u00edonn bith\u00e9ags\u00falacht pr\u00f3isis \u00e9iceola\u00edocha, \u00e9abhl\u00f3ideacha agus chult\u00fartha a thaca\u00edonn le nithe beo.<\/p>\n","protected":false},"excerpt":{"rendered":"<p>Cad \u00e9 L\u00edonra N\u00e1d\u00fartha 2000? S\u00edneadh ar fud 27 t\u00edr an AE, is \u00e9 N\u00e1d\u00fartha 2000 an l\u00edonra is m\u00f3 de l\u00e1ithre\u00e1in chosanta ar fud an domhain, ag cl\u00fadach n\u00edos m\u00f3 n\u00e1 18% d&#8217;achar tal\u00fan laistigh den AE agus n\u00edos m\u00f3 n\u00e1 8% de chr\u00edoch na mara. L\u00e9ir\u00edonn na limist\u00e9ir chosanta seo na gn\u00e1th\u00f3ga is [&hellip;]<\/p>\n","protected":false},"author":3,"featured_media":489,"parent":0,"menu_order":0,"comment_status":"closed","ping_status":"closed","template":"","meta":{"_acf_changed":false,"_eb_attr":"","site-sidebar-layout":"default","site-content-layout":"","ast-site-content-layout":"default","site-content-style":"default","site-sidebar-style":"default","ast-global-header-display":"","ast-banner-title-visibility":"","ast-main-header-display":"","ast-hfb-above-header-display":"","ast-hfb-below-header-display":"","ast-hfb-mobile-header-display":"","site-post-title":"","ast-breadcrumbs-content":"","ast-featured-img":"","footer-sml-layout":"","ast-disable-related-posts":"","theme-transparent-header-meta":"","adv-header-id-meta":"","stick-header-meta":"","header-above-stick-meta":"","header-main-stick-meta":"","header-below-stick-meta":"","astra-migrate-meta-layouts":"default","ast-page-background-enabled":"default","ast-page-background-meta":{"desktop":{"background-color":"var(--ast-global-color-4)","background-image":"","background-repeat":"repeat","background-position":"center center","background-size":"auto","background-attachment":"scroll","background-type":"","background-media":"","overlay-type":"","overlay-color":"","overlay-opacity":"","overlay-gradient":""},"tablet":{"background-color":"","background-image":"","background-repeat":"repeat","background-position":"center center","background-size":"auto","background-attachment":"scroll","background-type":"","background-media":"","overlay-type":"","overlay-color":"","overlay-opacity":"","overlay-gradient":""},"mobile":{"background-color":"","background-image":"","background-repeat":"repeat","background-position":"center center","background-size":"auto","background-attachment":"scroll","background-type":"","background-media":"","overlay-type":"","overlay-color":"","overlay-opacity":"","overlay-gradient":""}},"ast-content-background-meta":{"desktop":{"background-color":"var(--ast-global-color-5)","background-image":"","background-repeat":"repeat","background-position":"center center","background-size":"auto","background-attachment":"scroll","background-type":"","background-media":"","overlay-type":"","overlay-color":"","overlay-opacity":"","overlay-gradient":""},"tablet":{"background-color":"var(--ast-global-color-5)","background-image":"","background-repeat":"repeat","background-position":"center center","background-size":"auto","background-attachment":"scroll","background-type":"","background-media":"","overlay-type":"","overlay-color":"","overlay-opacity":"","overlay-gradient":""},"mobile":{"background-color":"var(--ast-global-color-5)","background-image":"","background-repeat":"repeat","background-position":"center center","background-size":"auto","background-attachment":"scroll","background-type":"","background-media":"","overlay-type":"","overlay-color":"","overlay-opacity":"","overlay-gradient":""}},"footnotes":""},"class_list":["post-293","page","type-page","status-publish","has-post-thumbnail","hentry"],"acf":[],"yoast_head":"<!-- This site is optimized with the Yoast SEO plugin v27.3 - https:\/\/yoast.com\/product\/yoast-seo-wordpress\/ -->\n<title>N\u00e1d\u00fartha 2000 - Natura Communities<\/title>\n<meta name=\"robots\" content=\"index, follow, max-snippet:-1, max-image-preview:large, max-video-preview:-1\" \/>\n<link rel=\"canonical\" href=\"https:\/\/www.naturacommunities.ie\/ga\/nadurtha-2000\/\" \/>\n<meta property=\"og:locale\" content=\"ga_IE\" \/>\n<meta property=\"og:type\" content=\"article\" \/>\n<meta property=\"og:title\" content=\"N\u00e1d\u00fartha 2000 - Natura Communities\" \/>\n<meta property=\"og:description\" content=\"Cad \u00e9 L\u00edonra N\u00e1d\u00fartha 2000? S\u00edneadh ar fud 27 t\u00edr an AE, is \u00e9 N\u00e1d\u00fartha 2000 an l\u00edonra is m\u00f3 de l\u00e1ithre\u00e1in chosanta ar fud an domhain, ag cl\u00fadach n\u00edos m\u00f3 n\u00e1 18% d&#8217;achar tal\u00fan laistigh den AE agus n\u00edos m\u00f3 n\u00e1 8% de chr\u00edoch na mara. L\u00e9ir\u00edonn na limist\u00e9ir chosanta seo na gn\u00e1th\u00f3ga is [&hellip;]\" \/>\n<meta property=\"og:url\" content=\"https:\/\/www.naturacommunities.ie\/ga\/nadurtha-2000\/\" \/>\n<meta property=\"og:site_name\" content=\"Natura Communities\" \/>\n<meta property=\"article:publisher\" content=\"https:\/\/www.facebook.com\/WildAtlanticNature\/\" \/>\n<meta property=\"article:modified_time\" content=\"2025-01-09T14:41:21+00:00\" \/>\n<meta property=\"og:image\" content=\"https:\/\/www.naturacommunities.ie\/wp-content\/uploads\/2023\/10\/2.png\" \/>\n\t<meta property=\"og:image:width\" content=\"1048\" \/>\n\t<meta property=\"og:image:height\" content=\"250\" \/>\n\t<meta property=\"og:image:type\" content=\"image\/png\" \/>\n<meta name=\"twitter:card\" content=\"summary_large_image\" \/>\n<meta name=\"twitter:site\" content=\"@WAN_LIFEIP\" \/>\n<meta name=\"twitter:label1\" content=\"Est. reading time\" \/>\n\t<meta name=\"twitter:data1\" content=\"6 minutes\" \/>\n<script type=\"application\/ld+json\" class=\"yoast-schema-graph\">{\"@context\":\"https:\\\/\\\/schema.org\",\"@graph\":[{\"@type\":\"WebPage\",\"@id\":\"https:\\\/\\\/www.naturacommunities.ie\\\/ga\\\/nadurtha-2000\\\/\",\"url\":\"https:\\\/\\\/www.naturacommunities.ie\\\/ga\\\/nadurtha-2000\\\/\",\"name\":\"N\u00e1d\u00fartha 2000 - Natura Communities\",\"isPartOf\":{\"@id\":\"https:\\\/\\\/www.naturacommunities.ie\\\/ga\\\/#website\"},\"primaryImageOfPage\":{\"@id\":\"https:\\\/\\\/www.naturacommunities.ie\\\/ga\\\/nadurtha-2000\\\/#primaryimage\"},\"image\":{\"@id\":\"https:\\\/\\\/www.naturacommunities.ie\\\/ga\\\/nadurtha-2000\\\/#primaryimage\"},\"thumbnailUrl\":\"https:\\\/\\\/www.naturacommunities.ie\\\/wp-content\\\/uploads\\\/2023\\\/10\\\/2.png\",\"datePublished\":\"2023-10-03T12:03:19+00:00\",\"dateModified\":\"2025-01-09T14:41:21+00:00\",\"inLanguage\":\"ga-IE\",\"potentialAction\":[{\"@type\":\"ReadAction\",\"target\":[\"https:\\\/\\\/www.naturacommunities.ie\\\/ga\\\/nadurtha-2000\\\/\"]}]},{\"@type\":\"ImageObject\",\"inLanguage\":\"ga-IE\",\"@id\":\"https:\\\/\\\/www.naturacommunities.ie\\\/ga\\\/nadurtha-2000\\\/#primaryimage\",\"url\":\"https:\\\/\\\/www.naturacommunities.ie\\\/wp-content\\\/uploads\\\/2023\\\/10\\\/2.png\",\"contentUrl\":\"https:\\\/\\\/www.naturacommunities.ie\\\/wp-content\\\/uploads\\\/2023\\\/10\\\/2.png\",\"width\":1048,\"height\":250,\"caption\":\"The Comeragh mountains of county Waterford, Ireland.\"},{\"@type\":\"WebSite\",\"@id\":\"https:\\\/\\\/www.naturacommunities.ie\\\/ga\\\/#website\",\"url\":\"https:\\\/\\\/www.naturacommunities.ie\\\/ga\\\/\",\"name\":\"Natura Communities\",\"description\":\"\",\"publisher\":{\"@id\":\"https:\\\/\\\/www.naturacommunities.ie\\\/ga\\\/#organization\"},\"potentialAction\":[{\"@type\":\"SearchAction\",\"target\":{\"@type\":\"EntryPoint\",\"urlTemplate\":\"https:\\\/\\\/www.naturacommunities.ie\\\/ga\\\/?s={search_term_string}\"},\"query-input\":{\"@type\":\"PropertyValueSpecification\",\"valueRequired\":true,\"valueName\":\"search_term_string\"}}],\"inLanguage\":\"ga-IE\"},{\"@type\":\"Organization\",\"@id\":\"https:\\\/\\\/www.naturacommunities.ie\\\/ga\\\/#organization\",\"name\":\"Natura Communities\",\"url\":\"https:\\\/\\\/www.naturacommunities.ie\\\/ga\\\/\",\"logo\":{\"@type\":\"ImageObject\",\"inLanguage\":\"ga-IE\",\"@id\":\"https:\\\/\\\/www.naturacommunities.ie\\\/ga\\\/#\\\/schema\\\/logo\\\/image\\\/\",\"url\":\"https:\\\/\\\/www.naturacommunities.ie\\\/wp-content\\\/uploads\\\/2023\\\/10\\\/cropped-natura-communities-large.png\",\"contentUrl\":\"https:\\\/\\\/www.naturacommunities.ie\\\/wp-content\\\/uploads\\\/2023\\\/10\\\/cropped-natura-communities-large.png\",\"width\":994,\"height\":332,\"caption\":\"Natura Communities\"},\"image\":{\"@id\":\"https:\\\/\\\/www.naturacommunities.ie\\\/ga\\\/#\\\/schema\\\/logo\\\/image\\\/\"},\"sameAs\":[\"https:\\\/\\\/www.facebook.com\\\/WildAtlanticNature\\\/\",\"https:\\\/\\\/x.com\\\/WAN_LIFEIP\"]}]}<\/script>\n<!-- \/ Yoast SEO plugin. -->","yoast_head_json":{"title":"N\u00e1d\u00fartha 2000 - Natura Communities","robots":{"index":"index","follow":"follow","max-snippet":"max-snippet:-1","max-image-preview":"max-image-preview:large","max-video-preview":"max-video-preview:-1"},"canonical":"https:\/\/www.naturacommunities.ie\/ga\/nadurtha-2000\/","og_locale":"ga_IE","og_type":"article","og_title":"N\u00e1d\u00fartha 2000 - Natura Communities","og_description":"Cad \u00e9 L\u00edonra N\u00e1d\u00fartha 2000? S\u00edneadh ar fud 27 t\u00edr an AE, is \u00e9 N\u00e1d\u00fartha 2000 an l\u00edonra is m\u00f3 de l\u00e1ithre\u00e1in chosanta ar fud an domhain, ag cl\u00fadach n\u00edos m\u00f3 n\u00e1 18% d&#8217;achar tal\u00fan laistigh den AE agus n\u00edos m\u00f3 n\u00e1 8% de chr\u00edoch na mara. L\u00e9ir\u00edonn na limist\u00e9ir chosanta seo na gn\u00e1th\u00f3ga is [&hellip;]","og_url":"https:\/\/www.naturacommunities.ie\/ga\/nadurtha-2000\/","og_site_name":"Natura Communities","article_publisher":"https:\/\/www.facebook.com\/WildAtlanticNature\/","article_modified_time":"2025-01-09T14:41:21+00:00","og_image":[{"width":1048,"height":250,"url":"https:\/\/www.naturacommunities.ie\/wp-content\/uploads\/2023\/10\/2.png","type":"image\/png"}],"twitter_card":"summary_large_image","twitter_site":"@WAN_LIFEIP","twitter_misc":{"Est. reading time":"6 minutes"},"schema":{"@context":"https:\/\/schema.org","@graph":[{"@type":"WebPage","@id":"https:\/\/www.naturacommunities.ie\/ga\/nadurtha-2000\/","url":"https:\/\/www.naturacommunities.ie\/ga\/nadurtha-2000\/","name":"N\u00e1d\u00fartha 2000 - Natura Communities","isPartOf":{"@id":"https:\/\/www.naturacommunities.ie\/ga\/#website"},"primaryImageOfPage":{"@id":"https:\/\/www.naturacommunities.ie\/ga\/nadurtha-2000\/#primaryimage"},"image":{"@id":"https:\/\/www.naturacommunities.ie\/ga\/nadurtha-2000\/#primaryimage"},"thumbnailUrl":"https:\/\/www.naturacommunities.ie\/wp-content\/uploads\/2023\/10\/2.png","datePublished":"2023-10-03T12:03:19+00:00","dateModified":"2025-01-09T14:41:21+00:00","inLanguage":"ga-IE","potentialAction":[{"@type":"ReadAction","target":["https:\/\/www.naturacommunities.ie\/ga\/nadurtha-2000\/"]}]},{"@type":"ImageObject","inLanguage":"ga-IE","@id":"https:\/\/www.naturacommunities.ie\/ga\/nadurtha-2000\/#primaryimage","url":"https:\/\/www.naturacommunities.ie\/wp-content\/uploads\/2023\/10\/2.png","contentUrl":"https:\/\/www.naturacommunities.ie\/wp-content\/uploads\/2023\/10\/2.png","width":1048,"height":250,"caption":"The Comeragh mountains of county Waterford, Ireland."},{"@type":"WebSite","@id":"https:\/\/www.naturacommunities.ie\/ga\/#website","url":"https:\/\/www.naturacommunities.ie\/ga\/","name":"Natura Communities","description":"","publisher":{"@id":"https:\/\/www.naturacommunities.ie\/ga\/#organization"},"potentialAction":[{"@type":"SearchAction","target":{"@type":"EntryPoint","urlTemplate":"https:\/\/www.naturacommunities.ie\/ga\/?s={search_term_string}"},"query-input":{"@type":"PropertyValueSpecification","valueRequired":true,"valueName":"search_term_string"}}],"inLanguage":"ga-IE"},{"@type":"Organization","@id":"https:\/\/www.naturacommunities.ie\/ga\/#organization","name":"Natura Communities","url":"https:\/\/www.naturacommunities.ie\/ga\/","logo":{"@type":"ImageObject","inLanguage":"ga-IE","@id":"https:\/\/www.naturacommunities.ie\/ga\/#\/schema\/logo\/image\/","url":"https:\/\/www.naturacommunities.ie\/wp-content\/uploads\/2023\/10\/cropped-natura-communities-large.png","contentUrl":"https:\/\/www.naturacommunities.ie\/wp-content\/uploads\/2023\/10\/cropped-natura-communities-large.png","width":994,"height":332,"caption":"Natura Communities"},"image":{"@id":"https:\/\/www.naturacommunities.ie\/ga\/#\/schema\/logo\/image\/"},"sameAs":["https:\/\/www.facebook.com\/WildAtlanticNature\/","https:\/\/x.com\/WAN_LIFEIP"]}]}},"_links":{"self":[{"href":"https:\/\/www.naturacommunities.ie\/ga\/wp-json\/wp\/v2\/pages\/293","targetHints":{"allow":["GET"]}}],"collection":[{"href":"https:\/\/www.naturacommunities.ie\/ga\/wp-json\/wp\/v2\/pages"}],"about":[{"href":"https:\/\/www.naturacommunities.ie\/ga\/wp-json\/wp\/v2\/types\/page"}],"author":[{"embeddable":true,"href":"https:\/\/www.naturacommunities.ie\/ga\/wp-json\/wp\/v2\/users\/3"}],"replies":[{"embeddable":true,"href":"https:\/\/www.naturacommunities.ie\/ga\/wp-json\/wp\/v2\/comments?post=293"}],"version-history":[{"count":4,"href":"https:\/\/www.naturacommunities.ie\/ga\/wp-json\/wp\/v2\/pages\/293\/revisions"}],"predecessor-version":[{"id":1028,"href":"https:\/\/www.naturacommunities.ie\/ga\/wp-json\/wp\/v2\/pages\/293\/revisions\/1028"}],"wp:featuredmedia":[{"embeddable":true,"href":"https:\/\/www.naturacommunities.ie\/ga\/wp-json\/wp\/v2\/media\/489"}],"wp:attachment":[{"href":"https:\/\/www.naturacommunities.ie\/ga\/wp-json\/wp\/v2\/media?parent=293"}],"curies":[{"name":"wp","href":"https:\/\/api.w.org\/{rel}","templated":true}]}}