{"id":207,"date":"2023-10-03T13:04:10","date_gmt":"2023-10-03T12:04:10","guid":{"rendered":"https:\/\/www.naturacommunities.ie\/teagmhail\/"},"modified":"2025-01-13T12:58:17","modified_gmt":"2025-01-13T12:58:17","slug":"teagmhail","status":"publish","type":"page","link":"https:\/\/www.naturacommunities.ie\/ga\/teagmhail\/","title":{"rendered":"Teagmh\u00e1il"},"content":{"rendered":"\n<div class=\"wp-block-columns is-layout-flex wp-container-core-columns-is-layout-28f84493 wp-block-columns-is-layout-flex\">\n<div class=\"wp-block-column has-border-color has-ast-global-color-6-border-color has-ast-global-color-4-background-color has-background is-layout-flow wp-block-column-is-layout-flow\" style=\"border-width:1px;padding-top:2em;padding-right:2em;padding-bottom:2em;padding-left:2em\">\n<h2 class=\"wp-block-heading\">Cl\u00e1raigh len\u00e1r nuachtlitir<\/h2>\n\n\n\n<div class=\"wp-block-contact-form-7-contact-form-selector\">\n<div class=\"wpcf7 no-js\" id=\"wpcf7-f902-o1\" lang=\"ga-IE\" dir=\"ltr\" data-wpcf7-id=\"902\">\n<div class=\"screen-reader-response\"><p role=\"status\" aria-live=\"polite\" aria-atomic=\"true\"><\/p> <ul><\/ul><\/div>\n<form action=\"\/ga\/wp-json\/wp\/v2\/pages\/207#wpcf7-f902-o1\" method=\"post\" class=\"wpcf7-form init\" aria-label=\"Contact form\" novalidate=\"novalidate\" data-status=\"init\">\n<fieldset class=\"hidden-fields-container\"><input type=\"hidden\" name=\"_wpcf7\" value=\"902\" \/><input type=\"hidden\" name=\"_wpcf7_version\" value=\"6.1.5\" \/><input type=\"hidden\" name=\"_wpcf7_locale\" value=\"ga_IE\" \/><input type=\"hidden\" name=\"_wpcf7_unit_tag\" value=\"wpcf7-f902-o1\" \/><input type=\"hidden\" name=\"_wpcf7_container_post\" value=\"0\" \/><input type=\"hidden\" name=\"_wpcf7_posted_data_hash\" value=\"\" \/><input type=\"hidden\" name=\"_wpcf7_recaptcha_response\" value=\"\" \/>\n<\/fieldset>\n<p><label> D'ainm<br \/>\n<span class=\"wpcf7-form-control-wrap\" data-name=\"your-name-newsletter\"><input size=\"40\" maxlength=\"400\" class=\"wpcf7-form-control wpcf7-text wpcf7-validates-as-required\" autocomplete=\"name\" aria-required=\"true\" aria-invalid=\"false\" value=\"\" type=\"text\" name=\"your-name-newsletter\" \/><\/span> <\/label>\n<\/p>\n<p><label> Do r-phost<br \/>\n<span class=\"wpcf7-form-control-wrap\" data-name=\"your-email-newsletter\"><input size=\"40\" maxlength=\"400\" class=\"wpcf7-form-control wpcf7-email wpcf7-validates-as-required wpcf7-text wpcf7-validates-as-email\" autocomplete=\"email\" aria-required=\"true\" aria-invalid=\"false\" value=\"\" type=\"email\" name=\"your-email-newsletter\" \/><\/span> <\/label>\n<\/p>\n<p><span class=\"wpcf7-form-control-wrap\" data-name=\"mailjet-opt-in\"><span class=\"wpcf7-form-control wpcf7-checkbox wpcf7-validates-as-required\"><span class=\"wpcf7-list-item first last\"><input type=\"checkbox\" name=\"mailjet-opt-in[]\" value=\"Cl\u00e1raigh len\u00e1r nuachtlitir a fh\u00e1il\" \/><span class=\"wpcf7-list-item-label\">Cl\u00e1raigh len\u00e1r nuachtlitir a fh\u00e1il<\/span><\/span><\/span><\/span>\n<\/p>\n<p><input class=\"wpcf7-form-control wpcf7-submit has-spinner\" type=\"submit\" value=\"Cl\u00e1raigh\" \/>\n<\/p><div class=\"wpcf7-response-output\" aria-hidden=\"true\"><\/div>\n<\/form>\n<\/div>\n<\/div>\n<\/div>\n\n\n\n<div class=\"wp-block-column has-border-color has-ast-global-color-6-border-color has-ast-global-color-4-background-color has-background is-layout-flow wp-block-column-is-layout-flow\" style=\"border-width:1px;padding-top:2em;padding-right:2em;padding-bottom:2em;padding-left:2em\">\n<h2 class=\"wp-block-heading\">D\u00e9an Teagmh\u00e1il Linn<\/h2>\n\n\n\n<div class=\"wp-block-contact-form-7-contact-form-selector\">\n<div class=\"wpcf7 no-js\" id=\"wpcf7-f206-o2\" lang=\"ga-IE\" dir=\"ltr\" data-wpcf7-id=\"206\">\n<div class=\"screen-reader-response\"><p role=\"status\" aria-live=\"polite\" aria-atomic=\"true\"><\/p> <ul><\/ul><\/div>\n<form action=\"\/ga\/wp-json\/wp\/v2\/pages\/207#wpcf7-f206-o2\" method=\"post\" class=\"wpcf7-form init\" aria-label=\"Contact Form\" novalidate=\"novalidate\" data-status=\"init\">\n<fieldset class=\"hidden-fields-container\"><input type=\"hidden\" name=\"_wpcf7\" value=\"206\" \/><input type=\"hidden\" name=\"_wpcf7_version\" value=\"6.1.5\" \/><input type=\"hidden\" name=\"_wpcf7_locale\" value=\"ga_IE\" \/><input type=\"hidden\" name=\"_wpcf7_unit_tag\" value=\"wpcf7-f206-o2\" \/><input type=\"hidden\" name=\"_wpcf7_container_post\" value=\"0\" \/><input type=\"hidden\" name=\"_wpcf7_posted_data_hash\" value=\"\" \/><input type=\"hidden\" name=\"_wpcf7_recaptcha_response\" value=\"\" \/>\n<\/fieldset>\n<p><label> D'ainm<br \/>\n<span class=\"wpcf7-form-control-wrap\" data-name=\"your-name\"><input size=\"40\" maxlength=\"400\" class=\"wpcf7-form-control wpcf7-text wpcf7-validates-as-required\" aria-required=\"true\" aria-invalid=\"false\" value=\"\" type=\"text\" name=\"your-name\" \/><\/span> <\/label>\n<\/p>\n<p><label> Do r-phost<br \/>\n<span class=\"wpcf7-form-control-wrap\" data-name=\"your-email\"><input size=\"40\" maxlength=\"400\" class=\"wpcf7-form-control wpcf7-email wpcf7-validates-as-required wpcf7-text wpcf7-validates-as-email\" aria-required=\"true\" aria-invalid=\"false\" value=\"\" type=\"email\" name=\"your-email\" \/><\/span> <\/label>\n<\/p>\n<p><label> D'uimhir theileaf\u00f3in (roghnach)<br \/>\n<span class=\"wpcf7-form-control-wrap\" data-name=\"your-telephone-number\"><input size=\"40\" maxlength=\"400\" class=\"wpcf7-form-control wpcf7-tel wpcf7-text wpcf7-validates-as-tel\" aria-invalid=\"false\" value=\"\" type=\"tel\" name=\"your-telephone-number\" \/><\/span> <\/label>\n<\/p>\n<p><label> Teachtaireacht<br \/>\n<span class=\"wpcf7-form-control-wrap\" data-name=\"your-message\"><textarea cols=\"40\" rows=\"10\" maxlength=\"2000\" class=\"wpcf7-form-control wpcf7-textarea wpcf7-validates-as-required\" aria-required=\"true\" aria-invalid=\"false\" name=\"your-message\"><\/textarea><\/span> <\/label>\n<\/p>\n<p><input class=\"wpcf7-form-control wpcf7-submit has-spinner\" type=\"submit\" value=\"Seol\" \/>\n<\/p><div class=\"wpcf7-response-output\" aria-hidden=\"true\"><\/div>\n<\/form>\n<\/div>\n<\/div>\n<\/div>\n<\/div>\n","protected":false},"excerpt":{"rendered":"<p>Cl\u00e1raigh len\u00e1r nuachtlitir D\u00e9an Teagmh\u00e1il Linn<\/p>\n","protected":false},"author":3,"featured_media":487,"parent":0,"menu_order":0,"comment_status":"closed","ping_status":"closed","template":"","meta":{"_acf_changed":false,"_eb_attr":"","site-sidebar-layout":"default","site-content-layout":"","ast-site-content-layout":"default","site-content-style":"default","site-sidebar-style":"default","ast-global-header-display":"","ast-banner-title-visibility":"","ast-main-header-display":"","ast-hfb-above-header-display":"","ast-hfb-below-header-display":"","ast-hfb-mobile-header-display":"","site-post-title":"","ast-breadcrumbs-content":"","ast-featured-img":"","footer-sml-layout":"","ast-disable-related-posts":"","theme-transparent-header-meta":"","adv-header-id-meta":"","stick-header-meta":"","header-above-stick-meta":"","header-main-stick-meta":"","header-below-stick-meta":"","astra-migrate-meta-layouts":"default","ast-page-background-enabled":"default","ast-page-background-meta":{"desktop":{"background-color":"var(--ast-global-color-4)","background-image":"","background-repeat":"repeat","background-position":"center center","background-size":"auto","background-attachment":"scroll","background-type":"","background-media":"","overlay-type":"","overlay-color":"","overlay-opacity":"","overlay-gradient":""},"tablet":{"background-color":"","background-image":"","background-repeat":"repeat","background-position":"center center","background-size":"auto","background-attachment":"scroll","background-type":"","background-media":"","overlay-type":"","overlay-color":"","overlay-opacity":"","overlay-gradient":""},"mobile":{"background-color":"","background-image":"","background-repeat":"repeat","background-position":"center center","background-size":"auto","background-attachment":"scroll","background-type":"","background-media":"","overlay-type":"","overlay-color":"","overlay-opacity":"","overlay-gradient":""}},"ast-content-background-meta":{"desktop":{"background-color":"var(--ast-global-color-5)","background-image":"","background-repeat":"repeat","background-position":"center center","background-size":"auto","background-attachment":"scroll","background-type":"","background-media":"","overlay-type":"","overlay-color":"","overlay-opacity":"","overlay-gradient":""},"tablet":{"background-color":"var(--ast-global-color-5)","background-image":"","background-repeat":"repeat","background-position":"center center","background-size":"auto","background-attachment":"scroll","background-type":"","background-media":"","overlay-type":"","overlay-color":"","overlay-opacity":"","overlay-gradient":""},"mobile":{"background-color":"var(--ast-global-color-5)","background-image":"","background-repeat":"repeat","background-position":"center center","background-size":"auto","background-attachment":"scroll","background-type":"","background-media":"","overlay-type":"","overlay-color":"","overlay-opacity":"","overlay-gradient":""}},"footnotes":""},"class_list":["post-207","page","type-page","status-publish","has-post-thumbnail","hentry"],"acf":[],"yoast_head":"<!-- This site is optimized with the Yoast SEO plugin v27.5 - https:\/\/yoast.com\/product\/yoast-seo-wordpress\/ -->\n<title>Teagmh\u00e1il - Natura Communities<\/title>\n<meta name=\"robots\" content=\"index, follow, max-snippet:-1, max-image-preview:large, max-video-preview:-1\" \/>\n<link rel=\"canonical\" href=\"https:\/\/www.naturacommunities.ie\/ga\/teagmhail\/\" \/>\n<meta property=\"og:locale\" content=\"ga_IE\" \/>\n<meta property=\"og:type\" content=\"article\" \/>\n<meta property=\"og:title\" content=\"Teagmh\u00e1il - Natura Communities\" \/>\n<meta property=\"og:description\" content=\"Cl\u00e1raigh len\u00e1r nuachtlitir D\u00e9an Teagmh\u00e1il Linn\" \/>\n<meta property=\"og:url\" content=\"https:\/\/www.naturacommunities.ie\/ga\/teagmhail\/\" \/>\n<meta property=\"og:site_name\" content=\"Natura Communities\" \/>\n<meta property=\"article:publisher\" content=\"https:\/\/www.facebook.com\/WildAtlanticNature\/\" \/>\n<meta property=\"article:modified_time\" content=\"2025-01-13T12:58:17+00:00\" \/>\n<meta property=\"og:image\" content=\"https:\/\/www.naturacommunities.ie\/wp-content\/uploads\/2023\/10\/1.png\" \/>\n\t<meta property=\"og:image:width\" content=\"1048\" \/>\n\t<meta property=\"og:image:height\" content=\"250\" \/>\n\t<meta property=\"og:image:type\" content=\"image\/png\" \/>\n<meta name=\"twitter:card\" content=\"summary_large_image\" \/>\n<meta name=\"twitter:site\" content=\"@WAN_LIFEIP\" \/>\n<script type=\"application\/ld+json\" class=\"yoast-schema-graph\">{\"@context\":\"https:\\\/\\\/schema.org\",\"@graph\":[{\"@type\":\"WebPage\",\"@id\":\"https:\\\/\\\/www.naturacommunities.ie\\\/ga\\\/teagmhail\\\/\",\"url\":\"https:\\\/\\\/www.naturacommunities.ie\\\/ga\\\/teagmhail\\\/\",\"name\":\"Teagmh\u00e1il - Natura Communities\",\"isPartOf\":{\"@id\":\"https:\\\/\\\/www.naturacommunities.ie\\\/ga\\\/#website\"},\"primaryImageOfPage\":{\"@id\":\"https:\\\/\\\/www.naturacommunities.ie\\\/ga\\\/teagmhail\\\/#primaryimage\"},\"image\":{\"@id\":\"https:\\\/\\\/www.naturacommunities.ie\\\/ga\\\/teagmhail\\\/#primaryimage\"},\"thumbnailUrl\":\"https:\\\/\\\/www.naturacommunities.ie\\\/wp-content\\\/uploads\\\/2023\\\/10\\\/1.png\",\"datePublished\":\"2023-10-03T12:04:10+00:00\",\"dateModified\":\"2025-01-13T12:58:17+00:00\",\"inLanguage\":\"ga-IE\",\"potentialAction\":[{\"@type\":\"ReadAction\",\"target\":[\"https:\\\/\\\/www.naturacommunities.ie\\\/ga\\\/teagmhail\\\/\"]}]},{\"@type\":\"ImageObject\",\"inLanguage\":\"ga-IE\",\"@id\":\"https:\\\/\\\/www.naturacommunities.ie\\\/ga\\\/teagmhail\\\/#primaryimage\",\"url\":\"https:\\\/\\\/www.naturacommunities.ie\\\/wp-content\\\/uploads\\\/2023\\\/10\\\/1.png\",\"contentUrl\":\"https:\\\/\\\/www.naturacommunities.ie\\\/wp-content\\\/uploads\\\/2023\\\/10\\\/1.png\",\"width\":1048,\"height\":250,\"caption\":\"The Doolough Valley in County Mayo, Ireland\"},{\"@type\":\"WebSite\",\"@id\":\"https:\\\/\\\/www.naturacommunities.ie\\\/ga\\\/#website\",\"url\":\"https:\\\/\\\/www.naturacommunities.ie\\\/ga\\\/\",\"name\":\"Natura Communities\",\"description\":\"\",\"publisher\":{\"@id\":\"https:\\\/\\\/www.naturacommunities.ie\\\/ga\\\/#organization\"},\"potentialAction\":[{\"@type\":\"SearchAction\",\"target\":{\"@type\":\"EntryPoint\",\"urlTemplate\":\"https:\\\/\\\/www.naturacommunities.ie\\\/ga\\\/?s={search_term_string}\"},\"query-input\":{\"@type\":\"PropertyValueSpecification\",\"valueRequired\":true,\"valueName\":\"search_term_string\"}}],\"inLanguage\":\"ga-IE\"},{\"@type\":\"Organization\",\"@id\":\"https:\\\/\\\/www.naturacommunities.ie\\\/ga\\\/#organization\",\"name\":\"Natura Communities\",\"url\":\"https:\\\/\\\/www.naturacommunities.ie\\\/ga\\\/\",\"logo\":{\"@type\":\"ImageObject\",\"inLanguage\":\"ga-IE\",\"@id\":\"https:\\\/\\\/www.naturacommunities.ie\\\/ga\\\/#\\\/schema\\\/logo\\\/image\\\/\",\"url\":\"https:\\\/\\\/www.naturacommunities.ie\\\/wp-content\\\/uploads\\\/2023\\\/10\\\/cropped-natura-communities-large.png\",\"contentUrl\":\"https:\\\/\\\/www.naturacommunities.ie\\\/wp-content\\\/uploads\\\/2023\\\/10\\\/cropped-natura-communities-large.png\",\"width\":994,\"height\":332,\"caption\":\"Natura Communities\"},\"image\":{\"@id\":\"https:\\\/\\\/www.naturacommunities.ie\\\/ga\\\/#\\\/schema\\\/logo\\\/image\\\/\"},\"sameAs\":[\"https:\\\/\\\/www.facebook.com\\\/WildAtlanticNature\\\/\",\"https:\\\/\\\/x.com\\\/WAN_LIFEIP\"]}]}<\/script>\n<!-- \/ Yoast SEO plugin. -->","yoast_head_json":{"title":"Teagmh\u00e1il - Natura Communities","robots":{"index":"index","follow":"follow","max-snippet":"max-snippet:-1","max-image-preview":"max-image-preview:large","max-video-preview":"max-video-preview:-1"},"canonical":"https:\/\/www.naturacommunities.ie\/ga\/teagmhail\/","og_locale":"ga_IE","og_type":"article","og_title":"Teagmh\u00e1il - Natura Communities","og_description":"Cl\u00e1raigh len\u00e1r nuachtlitir D\u00e9an Teagmh\u00e1il Linn","og_url":"https:\/\/www.naturacommunities.ie\/ga\/teagmhail\/","og_site_name":"Natura Communities","article_publisher":"https:\/\/www.facebook.com\/WildAtlanticNature\/","article_modified_time":"2025-01-13T12:58:17+00:00","og_image":[{"width":1048,"height":250,"url":"https:\/\/www.naturacommunities.ie\/wp-content\/uploads\/2023\/10\/1.png","type":"image\/png"}],"twitter_card":"summary_large_image","twitter_site":"@WAN_LIFEIP","schema":{"@context":"https:\/\/schema.org","@graph":[{"@type":"WebPage","@id":"https:\/\/www.naturacommunities.ie\/ga\/teagmhail\/","url":"https:\/\/www.naturacommunities.ie\/ga\/teagmhail\/","name":"Teagmh\u00e1il - Natura Communities","isPartOf":{"@id":"https:\/\/www.naturacommunities.ie\/ga\/#website"},"primaryImageOfPage":{"@id":"https:\/\/www.naturacommunities.ie\/ga\/teagmhail\/#primaryimage"},"image":{"@id":"https:\/\/www.naturacommunities.ie\/ga\/teagmhail\/#primaryimage"},"thumbnailUrl":"https:\/\/www.naturacommunities.ie\/wp-content\/uploads\/2023\/10\/1.png","datePublished":"2023-10-03T12:04:10+00:00","dateModified":"2025-01-13T12:58:17+00:00","inLanguage":"ga-IE","potentialAction":[{"@type":"ReadAction","target":["https:\/\/www.naturacommunities.ie\/ga\/teagmhail\/"]}]},{"@type":"ImageObject","inLanguage":"ga-IE","@id":"https:\/\/www.naturacommunities.ie\/ga\/teagmhail\/#primaryimage","url":"https:\/\/www.naturacommunities.ie\/wp-content\/uploads\/2023\/10\/1.png","contentUrl":"https:\/\/www.naturacommunities.ie\/wp-content\/uploads\/2023\/10\/1.png","width":1048,"height":250,"caption":"The Doolough Valley in County Mayo, Ireland"},{"@type":"WebSite","@id":"https:\/\/www.naturacommunities.ie\/ga\/#website","url":"https:\/\/www.naturacommunities.ie\/ga\/","name":"Natura Communities","description":"","publisher":{"@id":"https:\/\/www.naturacommunities.ie\/ga\/#organization"},"potentialAction":[{"@type":"SearchAction","target":{"@type":"EntryPoint","urlTemplate":"https:\/\/www.naturacommunities.ie\/ga\/?s={search_term_string}"},"query-input":{"@type":"PropertyValueSpecification","valueRequired":true,"valueName":"search_term_string"}}],"inLanguage":"ga-IE"},{"@type":"Organization","@id":"https:\/\/www.naturacommunities.ie\/ga\/#organization","name":"Natura Communities","url":"https:\/\/www.naturacommunities.ie\/ga\/","logo":{"@type":"ImageObject","inLanguage":"ga-IE","@id":"https:\/\/www.naturacommunities.ie\/ga\/#\/schema\/logo\/image\/","url":"https:\/\/www.naturacommunities.ie\/wp-content\/uploads\/2023\/10\/cropped-natura-communities-large.png","contentUrl":"https:\/\/www.naturacommunities.ie\/wp-content\/uploads\/2023\/10\/cropped-natura-communities-large.png","width":994,"height":332,"caption":"Natura Communities"},"image":{"@id":"https:\/\/www.naturacommunities.ie\/ga\/#\/schema\/logo\/image\/"},"sameAs":["https:\/\/www.facebook.com\/WildAtlanticNature\/","https:\/\/x.com\/WAN_LIFEIP"]}]}},"_links":{"self":[{"href":"https:\/\/www.naturacommunities.ie\/ga\/wp-json\/wp\/v2\/pages\/207","targetHints":{"allow":["GET"]}}],"collection":[{"href":"https:\/\/www.naturacommunities.ie\/ga\/wp-json\/wp\/v2\/pages"}],"about":[{"href":"https:\/\/www.naturacommunities.ie\/ga\/wp-json\/wp\/v2\/types\/page"}],"author":[{"embeddable":true,"href":"https:\/\/www.naturacommunities.ie\/ga\/wp-json\/wp\/v2\/users\/3"}],"replies":[{"embeddable":true,"href":"https:\/\/www.naturacommunities.ie\/ga\/wp-json\/wp\/v2\/comments?post=207"}],"version-history":[{"count":3,"href":"https:\/\/www.naturacommunities.ie\/ga\/wp-json\/wp\/v2\/pages\/207\/revisions"}],"predecessor-version":[{"id":901,"href":"https:\/\/www.naturacommunities.ie\/ga\/wp-json\/wp\/v2\/pages\/207\/revisions\/901"}],"wp:featuredmedia":[{"embeddable":true,"href":"https:\/\/www.naturacommunities.ie\/ga\/wp-json\/wp\/v2\/media\/487"}],"wp:attachment":[{"href":"https:\/\/www.naturacommunities.ie\/ga\/wp-json\/wp\/v2\/media?parent=207"}],"curies":[{"name":"wp","href":"https:\/\/api.w.org\/{rel}","templated":true}]}}